{"id":1340,"date":"2024-12-15T03:36:34","date_gmt":"2024-12-15T08:36:34","guid":{"rendered":"https:\/\/woovending.com\/?page_id=1340"},"modified":"2025-05-26T05:34:10","modified_gmt":"2025-05-26T10:34:10","slug":"about-us","status":"publish","type":"page","link":"https:\/\/woovending.com\/fr\/about-us\/","title":{"rendered":"\u00c0 propos de nous"},"content":{"rendered":"<div data-elementor-type=\"wp-page\" data-elementor-id=\"1340\" class=\"elementor elementor-1340\" data-elementor-post-type=\"page\">\n\t\t\t\t<div class=\"elementor-element elementor-element-7a41adc e-flex e-con-boxed e-con e-parent\" data-id=\"7a41adc\" data-element_type=\"container\" data-settings=\"{&quot;background_background&quot;:&quot;gradient&quot;}\">\n\t\t\t\t\t<div class=\"e-con-inner\">\n\t\t<div class=\"elementor-element elementor-element-98e2b14 e-con-full e-flex e-con e-child\" data-id=\"98e2b14\" data-element_type=\"container\">\n\t\t\t\t<div class=\"elementor-element elementor-element-fe0b1e3 elementor-widget elementor-widget-heading\" data-id=\"fe0b1e3\" data-element_type=\"widget\" data-widget_type=\"heading.default\">\n\t\t\t\t\t<div class=\"elementor-heading-title elementor-size-default\"><a href=\"\/fr\/\">Accueil<\/a> \/ \u00c0 propos de nous<\/div>\t\t\t\t<\/div>\n\t\t\t\t<div class=\"elementor-element elementor-element-c0591d4 elementor-widget elementor-widget-heading\" data-id=\"c0591d4\" data-element_type=\"widget\" data-widget_type=\"heading.default\">\n\t\t\t\t\t<h1 class=\"elementor-heading-title elementor-size-default\">\u00c0 propos de nous<\/h1>\t\t\t\t<\/div>\n\t\t\t\t<div class=\"elementor-element elementor-element-25fc563 elementor-widget elementor-widget-button\" data-id=\"25fc563\" data-element_type=\"widget\" data-widget_type=\"button.default\">\n\t\t\t\t\t\t\t\t\t\t<a class=\"elementor-button elementor-button-link elementor-size-sm\" href=\"#elementor-action%3Aaction%3Dpopup%3Aopen%26settings%3DeyJpZCI6IjExMjQiLCJ0b2dnbGUiOmZhbHNlfQ%3D%3D\">\n\t\t\t\t\t\t<span class=\"elementor-button-content-wrapper\">\n\t\t\t\t\t\t\t\t\t<span class=\"elementor-button-text\">Visitez notre usine<\/span>\n\t\t\t\t\t<\/span>\n\t\t\t\t\t<\/a>\n\t\t\t\t\t\t\t\t<\/div>\n\t\t\t\t<\/div>\n\t\t<div class=\"elementor-element elementor-element-fb95103 e-con-full e-flex e-con e-child\" data-id=\"fb95103\" data-element_type=\"container\">\n\t\t\t\t<div class=\"elementor-element elementor-element-974c689 elementor-widget elementor-widget-image\" data-id=\"974c689\" data-element_type=\"widget\" data-widget_type=\"image.default\">\n\t\t\t\t\t\t\t\t\t\t\t\t\t\t\t\t<a href=\"\/fr\/products\/\">\n\t\t\t\t\t\t\t<img fetchpriority=\"high\" decoding=\"async\" width=\"800\" height=\"480\" src=\"https:\/\/woovending.com\/wp-content\/uploads\/2025\/05\/vape-vending-machine-by-woovending-2025052691831231.png\" class=\"attachment-large size-large wp-image-2681\" alt=\"\" srcset=\"https:\/\/woovending.com\/wp-content\/uploads\/2025\/05\/vape-vending-machine-by-woovending-2025052691831231.png 1000w, https:\/\/woovending.com\/wp-content\/uploads\/2025\/05\/vape-vending-machine-by-woovending-2025052691831231-300x180.png 300w, https:\/\/woovending.com\/wp-content\/uploads\/2025\/05\/vape-vending-machine-by-woovending-2025052691831231-768x461.png 768w, https:\/\/woovending.com\/wp-content\/uploads\/2025\/05\/vape-vending-machine-by-woovending-2025052691831231-18x12.png 18w\" sizes=\"(max-width: 800px) 100vw, 800px\" \/>\t\t\t\t\t\t\t\t<\/a>\n\t\t\t\t\t\t\t\t\t\t\t\t\t\t\t<\/div>\n\t\t\t\t<\/div>\n\t\t\t\t\t<\/div>\n\t\t\t\t<\/div>\n\t\t<div class=\"elementor-element elementor-element-65626069 e-flex e-con-boxed e-con e-parent\" data-id=\"65626069\" data-element_type=\"container\">\n\t\t\t\t\t<div class=\"e-con-inner\">\n\t\t\t\t<div class=\"elementor-element elementor-element-695999a8 elementor-widget elementor-widget-text-editor\" data-id=\"695999a8\" data-element_type=\"widget\" data-widget_type=\"text-editor.default\">\n\t\t\t\t\t\t\t\t\t<h2><img decoding=\"async\" class=\"alignnone wp-image-2755\" src=\"https:\/\/woovending.com\/wp-content\/uploads\/2025\/05\/woovending-company-in-china.jpg\" alt=\"\" width=\"400\" height=\"300\" srcset=\"https:\/\/woovending.com\/wp-content\/uploads\/2025\/05\/woovending-company-in-china.jpg 1000w, https:\/\/woovending.com\/wp-content\/uploads\/2025\/05\/woovending-company-in-china-300x225.jpg 300w, https:\/\/woovending.com\/wp-content\/uploads\/2025\/05\/woovending-company-in-china-768x576.jpg 768w, https:\/\/woovending.com\/wp-content\/uploads\/2025\/05\/woovending-company-in-china-16x12.jpg 16w\" sizes=\"(max-width: 400px) 100vw, 400px\" \/> <img decoding=\"async\" class=\"alignnone wp-image-2733\" src=\"https:\/\/woovending.com\/wp-content\/uploads\/2025\/05\/woovending-factory-in-china.webp\" alt=\"\" width=\"400\" height=\"300\" srcset=\"https:\/\/woovending.com\/wp-content\/uploads\/2025\/05\/woovending-factory-in-china.webp 1920w, https:\/\/woovending.com\/wp-content\/uploads\/2025\/05\/woovending-factory-in-china-300x225.webp 300w, https:\/\/woovending.com\/wp-content\/uploads\/2025\/05\/woovending-factory-in-china-1024x768.webp 1024w, https:\/\/woovending.com\/wp-content\/uploads\/2025\/05\/woovending-factory-in-china-768x576.webp 768w, https:\/\/woovending.com\/wp-content\/uploads\/2025\/05\/woovending-factory-in-china-1536x1152.webp 1536w, https:\/\/woovending.com\/wp-content\/uploads\/2025\/05\/woovending-factory-in-china-16x12.webp 16w\" sizes=\"(max-width: 400px) 100vw, 400px\" \/><\/h2><p><img loading=\"lazy\" decoding=\"async\" class=\"alignnone wp-image-2757\" src=\"https:\/\/woovending.com\/wp-content\/uploads\/2025\/05\/woovending-vending-machine-production-in-china.jpg\" alt=\"\" width=\"400\" height=\"300\" srcset=\"https:\/\/woovending.com\/wp-content\/uploads\/2025\/05\/woovending-vending-machine-production-in-china.jpg 800w, https:\/\/woovending.com\/wp-content\/uploads\/2025\/05\/woovending-vending-machine-production-in-china-300x225.jpg 300w, https:\/\/woovending.com\/wp-content\/uploads\/2025\/05\/woovending-vending-machine-production-in-china-768x576.jpg 768w, https:\/\/woovending.com\/wp-content\/uploads\/2025\/05\/woovending-vending-machine-production-in-china-16x12.jpg 16w\" sizes=\"(max-width: 400px) 100vw, 400px\" \/> \u00a0<img loading=\"lazy\" decoding=\"async\" class=\"alignnone wp-image-2758\" src=\"https:\/\/woovending.com\/wp-content\/uploads\/2025\/05\/woovending-vending-machine-showroom-in-china.jpg\" alt=\"\" width=\"400\" height=\"300\" srcset=\"https:\/\/woovending.com\/wp-content\/uploads\/2025\/05\/woovending-vending-machine-showroom-in-china.jpg 800w, https:\/\/woovending.com\/wp-content\/uploads\/2025\/05\/woovending-vending-machine-showroom-in-china-300x225.jpg 300w, https:\/\/woovending.com\/wp-content\/uploads\/2025\/05\/woovending-vending-machine-showroom-in-china-768x576.jpg 768w, https:\/\/woovending.com\/wp-content\/uploads\/2025\/05\/woovending-vending-machine-showroom-in-china-16x12.jpg 16w\" sizes=\"(max-width: 400px) 100vw, 400px\" \/><\/p><h2>Notre \u00e9quipe<\/h2><p>Notre \u00e9quipe est un pionnier dans l'industrie des distributeurs automatiques num\u00e9riques, avec une exp\u00e9rience et une expertise consid\u00e9rables. Gr\u00e2ce \u00e0 cette connaissance approfondie de l'industrie, nous innovons et perfectionnons continuellement nos machines afin de garantir que les produits de Woo Vending soient toujours \u00e0 la hauteur des attentes des consommateurs. <a href=\"https:\/\/woovending.com\/fr\/products\/\"><b>vape vending solutions<\/b><\/a> r\u00e9pondre aux divers besoins de nos clients tout en relevant les d\u00e9fis pos\u00e9s par les conceptions ant\u00e9rieures. Cet engagement en faveur de l'am\u00e9lioration nous permet de fournir des solutions avanc\u00e9es et de r\u00e9soudre les probl\u00e8mes, ce qui nous permet de positionner nos produits sur le march\u00e9. <b>Woo Vending<\/b> en tant que leader sur le march\u00e9 des distributeurs automatiques intelligents.<\/p><h2>Nos avantages<\/h2><p>En int\u00e9grant de mani\u00e8re transparente notre expertise en mati\u00e8re de fabrication au d\u00e9veloppement de logiciels de pointe, <strong>Woo Vending<\/strong> pr\u00e9sente une solution compl\u00e8te de bout en bout con\u00e7ue pour propulser votre entreprise vers des sommets sans pr\u00e9c\u00e9dent. Notre approche holistique garantit une fusion parfaite du mat\u00e9riel et des logiciels, offrant des solutions transformatrices qui optimisent l'efficacit\u00e9 et stimulent l'innovation pour votre succ\u00e8s.<\/p><h2>L'innovation<\/h2><p>Nos solutions avant-gardistes vous permettent de garder une longueur d'avance dans un monde en constante \u00e9volution. <b>l'industrie de la distribution automatique intelligente<\/b>.<\/p><h2>Expertise<\/h2><p>Fortes de nombreuses ann\u00e9es d'exp\u00e9rience, nos \u00e9quipes internationales aux \u00c9tats-Unis, en Europe et au Royaume-Uni apportent une connaissance et une pr\u00e9cision in\u00e9gal\u00e9es \u00e0 chaque projet.<\/p><h2>\u00c9quipes compl\u00e8tes<\/h2><p>Des ventes et du marketing \u00e0 l'assistance technique et \u00e0 l'ing\u00e9nierie, nos \u00e9quipes d\u00e9di\u00e9es dans le monde entier sont \u00e9quip\u00e9es pour r\u00e9pondre \u00e0 tous vos besoins.<\/p><h2>Pr\u00e9sence mondiale<\/h2><p>Avec des si\u00e8ges strat\u00e9giques en Californie du Sud, en Europe et au Royaume-Uni, nous combinons une perspective mondiale avec une expertise locale.<\/p><h2>Approche centr\u00e9e sur le client<\/h2><p>Nous privil\u00e9gions les collaborations durables, en proposant des solutions sur mesure qui s'adaptent et \u00e9voluent avec votre entreprise.<\/p><h2>Prouesses technologiques<\/h2><p>Gr\u00e2ce \u00e0 une technologie de pointe et \u00e0 un savoir-faire exceptionnel, nous proposons des solutions qui vont au-del\u00e0 des produits - ce sont des partenariats en mati\u00e8re d'innovation.<\/p><p>Choisissez Woo Vending pour une excellence in\u00e9gal\u00e9e dans les domaines suivants <b>distributeur automatique intelligent<\/b> solutions and holistic, end-to-end strategies that elevate your business to the next level<\/p>\t\t\t\t\t\t\t\t<\/div>\n\t\t\t\t\t<\/div>\n\t\t\t\t<\/div>\n\t\t\t\t<\/div>","protected":false},"excerpt":{"rendered":"<p>Home \/ About Us About Us Visit Our Factory \u00a0 Our Team Our team is a pioneer in the digital vending machine industry, with extensive experience and expertise. Leveraging this deep industry knowledge, we continuously innovate and refine our machines to ensure that Woo Vending&#8217;s vape vending solutions meet the diverse needs of our customers [&hellip;]<\/p>","protected":false},"author":1,"featured_media":0,"parent":0,"menu_order":0,"comment_status":"closed","ping_status":"closed","template":"","meta":{"footnotes":""},"class_list":["post-1340","page","type-page","status-publish","hentry"],"yoast_head":"<!-- This site is optimized with the Yoast SEO plugin v25.2 - https:\/\/yoast.com\/wordpress\/plugins\/seo\/ -->\n<title>About Us | WooVending<\/title>\n<meta name=\"robots\" content=\"index, follow, max-snippet:-1, max-image-preview:large, max-video-preview:-1\" \/>\n<link rel=\"canonical\" href=\"https:\/\/woovending.com\/fr\/about-us\/\" \/>\n<meta property=\"og:locale\" content=\"fr_FR\" \/>\n<meta property=\"og:type\" content=\"article\" \/>\n<meta property=\"og:title\" content=\"About Us | WooVending\" \/>\n<meta property=\"og:description\" content=\"Home \/ About Us About Us Visit Our Factory \u00a0 Our Team Our team is a pioneer in the digital vending machine industry, with extensive experience and expertise. Leveraging this deep industry knowledge, we continuously innovate and refine our machines to ensure that Woo Vending&#8217;s vape vending solutions meet the diverse needs of our customers [&hellip;]\" \/>\n<meta property=\"og:url\" content=\"https:\/\/woovending.com\/fr\/about-us\/\" \/>\n<meta property=\"og:site_name\" content=\"WooVending\" \/>\n<meta property=\"article:publisher\" content=\"https:\/\/www.facebook.com\/woovend\" \/>\n<meta property=\"article:modified_time\" content=\"2025-05-26T10:34:10+00:00\" \/>\n<meta property=\"og:image\" content=\"https:\/\/woovending.com\/wp-content\/uploads\/2025\/05\/vape-vending-machine-by-woovending-2025052691831231.png\" \/>\n\t<meta property=\"og:image:width\" content=\"1000\" \/>\n\t<meta property=\"og:image:height\" content=\"600\" \/>\n\t<meta property=\"og:image:type\" content=\"image\/png\" \/>\n<meta name=\"twitter:card\" content=\"summary_large_image\" \/>\n<meta name=\"twitter:label1\" content=\"Dur\u00e9e de lecture estim\u00e9e\" \/>\n\t<meta name=\"twitter:data1\" content=\"1 minute\" \/>\n<script type=\"application\/ld+json\" class=\"yoast-schema-graph\">{\"@context\":\"https:\/\/schema.org\",\"@graph\":[{\"@type\":\"WebPage\",\"@id\":\"https:\/\/woovending.com\/fr\/about-us\/\",\"url\":\"https:\/\/woovending.com\/fr\/about-us\/\",\"name\":\"About Us | WooVending\",\"isPartOf\":{\"@id\":\"https:\/\/woovending.com\/fr\/#website\"},\"primaryImageOfPage\":{\"@id\":\"https:\/\/woovending.com\/fr\/about-us\/#primaryimage\"},\"image\":{\"@id\":\"https:\/\/woovending.com\/fr\/about-us\/#primaryimage\"},\"thumbnailUrl\":\"https:\/\/woovending.com\/wp-content\/uploads\/2025\/05\/vape-vending-machine-by-woovending-2025052691831231.png\",\"datePublished\":\"2024-12-15T08:36:34+00:00\",\"dateModified\":\"2025-05-26T10:34:10+00:00\",\"breadcrumb\":{\"@id\":\"https:\/\/woovending.com\/fr\/about-us\/#breadcrumb\"},\"inLanguage\":\"fr-FR\",\"potentialAction\":[{\"@type\":\"ReadAction\",\"target\":[\"https:\/\/woovending.com\/fr\/about-us\/\"]}]},{\"@type\":\"ImageObject\",\"inLanguage\":\"fr-FR\",\"@id\":\"https:\/\/woovending.com\/fr\/about-us\/#primaryimage\",\"url\":\"https:\/\/woovending.com\/wp-content\/uploads\/2025\/05\/vape-vending-machine-by-woovending-2025052691831231.png\",\"contentUrl\":\"https:\/\/woovending.com\/wp-content\/uploads\/2025\/05\/vape-vending-machine-by-woovending-2025052691831231.png\"},{\"@type\":\"BreadcrumbList\",\"@id\":\"https:\/\/woovending.com\/fr\/about-us\/#breadcrumb\",\"itemListElement\":[{\"@type\":\"ListItem\",\"position\":1,\"name\":\"\u9996\u9875\",\"item\":\"https:\/\/woovending.com\/\"},{\"@type\":\"ListItem\",\"position\":2,\"name\":\"About Us\"}]},{\"@type\":\"WebSite\",\"@id\":\"https:\/\/woovending.com\/fr\/#website\",\"url\":\"https:\/\/woovending.com\/fr\/\",\"name\":\"WooVending\",\"description\":\"CBD &amp; Vape Vending Machine Manufacturer Supporting OEM\/ODM Service\",\"publisher\":{\"@id\":\"https:\/\/woovending.com\/fr\/#organization\"},\"potentialAction\":[{\"@type\":\"SearchAction\",\"target\":{\"@type\":\"EntryPoint\",\"urlTemplate\":\"https:\/\/woovending.com\/fr\/?s={search_term_string}\"},\"query-input\":{\"@type\":\"PropertyValueSpecification\",\"valueRequired\":true,\"valueName\":\"search_term_string\"}}],\"inLanguage\":\"fr-FR\"},{\"@type\":\"Organization\",\"@id\":\"https:\/\/woovending.com\/fr\/#organization\",\"name\":\"WooVending\",\"url\":\"https:\/\/woovending.com\/fr\/\",\"logo\":{\"@type\":\"ImageObject\",\"inLanguage\":\"fr-FR\",\"@id\":\"https:\/\/woovending.com\/fr\/#\/schema\/logo\/image\/\",\"url\":\"https:\/\/woovending.com\/wp-content\/uploads\/2024\/12\/woovending-logo.svg\",\"contentUrl\":\"https:\/\/woovending.com\/wp-content\/uploads\/2024\/12\/woovending-logo.svg\",\"width\":1675,\"height\":500,\"caption\":\"WooVending\"},\"image\":{\"@id\":\"https:\/\/woovending.com\/fr\/#\/schema\/logo\/image\/\"},\"sameAs\":[\"https:\/\/www.facebook.com\/woovend\"]}]}<\/script>\n<!-- \/ Yoast SEO plugin. -->","yoast_head_json":{"title":"About Us | WooVending","robots":{"index":"index","follow":"follow","max-snippet":"max-snippet:-1","max-image-preview":"max-image-preview:large","max-video-preview":"max-video-preview:-1"},"canonical":"https:\/\/woovending.com\/fr\/about-us\/","og_locale":"fr_FR","og_type":"article","og_title":"About Us | WooVending","og_description":"Home \/ About Us About Us Visit Our Factory \u00a0 Our Team Our team is a pioneer in the digital vending machine industry, with extensive experience and expertise. Leveraging this deep industry knowledge, we continuously innovate and refine our machines to ensure that Woo Vending&#8217;s vape vending solutions meet the diverse needs of our customers [&hellip;]","og_url":"https:\/\/woovending.com\/fr\/about-us\/","og_site_name":"WooVending","article_publisher":"https:\/\/www.facebook.com\/woovend","article_modified_time":"2025-05-26T10:34:10+00:00","og_image":[{"width":1000,"height":600,"url":"https:\/\/woovending.com\/wp-content\/uploads\/2025\/05\/vape-vending-machine-by-woovending-2025052691831231.png","type":"image\/png"}],"twitter_card":"summary_large_image","twitter_misc":{"Dur\u00e9e de lecture estim\u00e9e":"1 minute"},"schema":{"@context":"https:\/\/schema.org","@graph":[{"@type":"WebPage","@id":"https:\/\/woovending.com\/fr\/about-us\/","url":"https:\/\/woovending.com\/fr\/about-us\/","name":"About Us | WooVending","isPartOf":{"@id":"https:\/\/woovending.com\/fr\/#website"},"primaryImageOfPage":{"@id":"https:\/\/woovending.com\/fr\/about-us\/#primaryimage"},"image":{"@id":"https:\/\/woovending.com\/fr\/about-us\/#primaryimage"},"thumbnailUrl":"https:\/\/woovending.com\/wp-content\/uploads\/2025\/05\/vape-vending-machine-by-woovending-2025052691831231.png","datePublished":"2024-12-15T08:36:34+00:00","dateModified":"2025-05-26T10:34:10+00:00","breadcrumb":{"@id":"https:\/\/woovending.com\/fr\/about-us\/#breadcrumb"},"inLanguage":"fr-FR","potentialAction":[{"@type":"ReadAction","target":["https:\/\/woovending.com\/fr\/about-us\/"]}]},{"@type":"ImageObject","inLanguage":"fr-FR","@id":"https:\/\/woovending.com\/fr\/about-us\/#primaryimage","url":"https:\/\/woovending.com\/wp-content\/uploads\/2025\/05\/vape-vending-machine-by-woovending-2025052691831231.png","contentUrl":"https:\/\/woovending.com\/wp-content\/uploads\/2025\/05\/vape-vending-machine-by-woovending-2025052691831231.png"},{"@type":"BreadcrumbList","@id":"https:\/\/woovending.com\/fr\/about-us\/#breadcrumb","itemListElement":[{"@type":"ListItem","position":1,"name":"\u9996\u9875","item":"https:\/\/woovending.com\/"},{"@type":"ListItem","position":2,"name":"About Us"}]},{"@type":"WebSite","@id":"https:\/\/woovending.com\/fr\/#website","url":"https:\/\/woovending.com\/fr\/","name":"WooVending","description":"CBD &amp; Vape Vending Machine Manufacturer Supporting OEM\/ODM Service","publisher":{"@id":"https:\/\/woovending.com\/fr\/#organization"},"potentialAction":[{"@type":"SearchAction","target":{"@type":"EntryPoint","urlTemplate":"https:\/\/woovending.com\/fr\/?s={search_term_string}"},"query-input":{"@type":"PropertyValueSpecification","valueRequired":true,"valueName":"search_term_string"}}],"inLanguage":"fr-FR"},{"@type":"Organization","@id":"https:\/\/woovending.com\/fr\/#organization","name":"WooVending","url":"https:\/\/woovending.com\/fr\/","logo":{"@type":"ImageObject","inLanguage":"fr-FR","@id":"https:\/\/woovending.com\/fr\/#\/schema\/logo\/image\/","url":"https:\/\/woovending.com\/wp-content\/uploads\/2024\/12\/woovending-logo.svg","contentUrl":"https:\/\/woovending.com\/wp-content\/uploads\/2024\/12\/woovending-logo.svg","width":1675,"height":500,"caption":"WooVending"},"image":{"@id":"https:\/\/woovending.com\/fr\/#\/schema\/logo\/image\/"},"sameAs":["https:\/\/www.facebook.com\/woovend"]}]}},"_links":{"self":[{"href":"https:\/\/woovending.com\/fr\/wp-json\/wp\/v2\/pages\/1340","targetHints":{"allow":["GET"]}}],"collection":[{"href":"https:\/\/woovending.com\/fr\/wp-json\/wp\/v2\/pages"}],"about":[{"href":"https:\/\/woovending.com\/fr\/wp-json\/wp\/v2\/types\/page"}],"author":[{"embeddable":true,"href":"https:\/\/woovending.com\/fr\/wp-json\/wp\/v2\/users\/1"}],"replies":[{"embeddable":true,"href":"https:\/\/woovending.com\/fr\/wp-json\/wp\/v2\/comments?post=1340"}],"version-history":[{"count":0,"href":"https:\/\/woovending.com\/fr\/wp-json\/wp\/v2\/pages\/1340\/revisions"}],"wp:attachment":[{"href":"https:\/\/woovending.com\/fr\/wp-json\/wp\/v2\/media?parent=1340"}],"curies":[{"name":"wp","href":"https:\/\/api.w.org\/{rel}","templated":true}]}}